{"id":8861,"date":"2023-07-04T14:06:18","date_gmt":"2023-07-04T14:06:18","guid":{"rendered":"https:\/\/livinbarca.com\/?page_id=8861"},"modified":"2023-07-06T23:33:47","modified_gmt":"2023-07-06T23:33:47","slug":"boat-tour-2","status":"publish","type":"page","link":"https:\/\/livinbarca.com\/en\/experiences\/boat-tour-2\/","title":{"rendered":"Boat Tour"},"content":{"rendered":"<p>[vc_row full_width=&#8221;stretch_row_content_no_spaces&#8221; el_class=&#8221;maximum-background&#8221;][vc_column css=&#8221;.vc_custom_1513003956648{padding-top: 0px !important;}&#8221;][vc_single_image image=&#8221;8036&#8243; img_size=&#8221;full&#8221;][\/vc_column][\/vc_row][vc_row full_width=&#8221;stretch_row&#8221; css=&#8221;.vc_custom_1553595194741{padding-top: 85px !important;padding-bottom: 20px !important;}&#8221;][vc_column][vc_row_inner css=&#8221;.vc_custom_1553591958081{margin-bottom: 40px !important;}&#8221;][vc_column_inner][vc_empty_space height=&#8221;25px&#8221;][vc_single_image image=&#8221;7525&#8243; img_size=&#8221;Full&#8221; alignment=&#8221;center&#8221;][vc_empty_space height=&#8221;25px&#8221;]<header class=\"kd-section-title col-lg-12 text-center  kd-animated fadeIn  \" data-animation-delay=200><h2 class=\"separator_off\" >Passeio de barco a motor<\/h2><\/header>[\/vc_column_inner][\/vc_row_inner][\/vc_column][\/vc_row][vc_row full_width=&#8221;stretch_row&#8221; gap=&#8221;30&#8243; css=&#8221;.vc_custom_1653063609464{padding-top: 20px !important;padding-bottom: 100px !important;}&#8221;][vc_column width=&#8221;1\/2&#8243; offset=&#8221;vc_col-lg-6 vc_col-md-12&#8243;][vc_single_image image=&#8221;8037&#8243; img_size=&#8221;Full&#8221;][\/vc_column][vc_column width=&#8221;1\/2&#8243; css=&#8221;.vc_custom_1539591979391{padding-left: 0px !important;}&#8221; offset=&#8221;vc_col-lg-6 vc_col-md-12&#8243;][vc_empty_space][vc_row_inner css=&#8221;.vc_custom_1522314825805{padding-left: 0px !important;}&#8221;][vc_column_inner css=&#8221;.vc_custom_1541519966835{margin-bottom: 20px !important;padding-left: 0px !important;}&#8221; offset=&#8221;vc_col-lg-offset-0 vc_col-md-offset-1 vc_col-sm-offset-0&#8243;][vc_column_text css_animation=&#8221;fadeIn&#8221;]<\/p>\n<p style=\"text-align: justify;\">Assista ao nascer do sol ou navegue pelos canais da Ria de Aveiro, numa oportunidade \u00fanica de observar paisagens intocadas e em estreito contacto com a Natureza.<\/p>\n<p>[\/vc_column_text][vc_empty_space height=&#8221;15px&#8221;][vc_separator][vc_empty_space height=&#8221;30px&#8221;][vc_column_text css_animation=&#8221;fadeIn&#8221;]<strong>Destinat\u00e1rios: <\/strong>Adultos e crian\u00e7as.<br \/>\n<strong>Requisitos<\/strong>: Uso de colete salva-vidas obrigat\u00f3rio;<br \/>\n<strong>Dura\u00e7\u00e3o<\/strong>: 1 h.<br \/>\n<strong>Pre\u00e7o<\/strong>: 140\u20ac.<br \/>\n<strong>Capacidade<\/strong>: At\u00e9 11 pax;<\/p>\n<p><strong>Inclui<\/strong>: Todo o material necess\u00e1rio para realiza\u00e7\u00e3o da actividade.[\/vc_column_text]<a  href=\"http:\/\/livinbarca.com\/informacoes\/\"  target=\"_self\"  title=\"Informa\u00e7\u00f5es\" class=\"tt_button tt_secondary_button btn_secondary_color  pull-left button-action-link  kd-animated zoomIn\" data-animation-delay=200><span class=\"prim_text\">Reservar<\/span><\/a>[\/vc_column_inner][\/vc_row_inner][\/vc_column][\/vc_row][vc_row full_width=&#8221;stretch_row&#8221; css=&#8221;.vc_custom_1653947880346{background-color: #fcfcfc !important;}&#8221;][vc_column][vc_empty_space height=&#8221;100px&#8221;][vc_row_inner gap=&#8221;30&#8243;][vc_column_inner width=&#8221;1\/2&#8243;][vc_column_text]<\/p>\n<p class=\"p1\" style=\"text-align: justify;\"><span class=\"s1\">Todos os programas Livin Barca s\u00e3o acompanhados por um barco de forma a garantir a seguran\u00e7a dos participantes. Um seguro de acidentes pessoais est\u00e1 inclu\u00eddo no pre\u00e7o apresentado.<span class=\"Apple-converted-space\">\u00a0<\/span><\/span><\/p>\n<p class=\"p1\" style=\"text-align: justify;\"><span class=\"s1\">A marca\u00e7\u00e3o das experi\u00eancias dever\u00e1 ser feita por e-mail e est\u00e1 sujeita a confirma\u00e7\u00e3o de disponibilidade, bem como \u00e0 exist\u00eancia de condi\u00e7\u00f5es climat\u00e9ricas favor\u00e1veis.<span class=\"Apple-converted-space\">\u00a0<\/span><\/span><\/p>\n<p>[\/vc_column_text][\/vc_column_inner][vc_column_inner width=&#8221;1\/2&#8243;][vc_column_text]<\/p>\n<p class=\"p1\"><span class=\"s1\">Todo o material necess\u00e1rio para a pr\u00e1tica das actividades est\u00e1 inclu\u00eddo.<\/span><\/p>\n<p class=\"p1\"><span class=\"s1\">O servi\u00e7o de reportagem fotogr\u00e1fica est\u00e1 dispon\u00edvel mediante pedido pr\u00e9vio, acrescendo como extra ao pre\u00e7o apresentado.<span class=\"Apple-converted-space\">\u00a0<\/span><\/span><\/p>\n<p>[\/vc_column_text][\/vc_column_inner][\/vc_row_inner][vc_empty_space]<a  href=\"https:\/\/livinbarca.com\/en\/experiences\/\"  target=\"_self\"  title=\"Actividades\" class=\"tt_button tt_primary_button btn_primary_color  button-center button-action-link  kd-animated zoomIn\" data-animation-delay=200><span class=\"prim_text\">Mais experi\u00eancias<\/span><\/a>[vc_empty_space height=&#8221;100px&#8221;][\/vc_column][\/vc_row][vc_row full_width=&#8221;stretch_row&#8221;][vc_column css=&#8221;.vc_custom_1516029036131{padding-right: 0px !important;padding-left: 0px !important;}&#8221;][vc_empty_space height=&#8221;50px&#8221;][vc_column_text]<\/p>\n<p class=\"p1\" style=\"text-align: center;\"><span class=\"s1\">Testemunhos<\/span><\/p>\n<p>[\/vc_column_text]<header class=\"kd-section-title col-lg-12 text-center  kd-animated fadeIn  \" data-animation-delay=200><h2 class=\"separator_off\" >O que os clientes dizem sobre n\u00f3s<\/h2><\/header>[vc_row_inner css=&#8221;.vc_custom_1653064038869{padding-top: 60px !important;padding-bottom: 60px !important;}&#8221;][vc_column_inner css=&#8221;.vc_custom_1516029043443{padding-right: 0px !important;padding-left: 0px !important;}&#8221;]<div class=\"slider testimonials black-navigation kd-testimonial-69d2729220ea0  without-image\" ><div class=\"tt-content \">\n              <div class=\"tt-content-inner\">\n                <div class=\"tt-container\" style=\" \">\n                    <h6 style=\" \"\">``Divertimo-nos imenso, muito obrigada pelas as fotografias. Tamb\u00e9m ador\u00e1mos os vossos c\u00e3es e o caloroso acolhimento. N\u00e3o sentimos falta de nada, gost\u00e1mos da experi\u00eancia tal como foi! Sauda\u00e7\u00f5es``<\/h6>\n                    <span class=\"author\" >B\u00e1rbara<\/span>\n                    <span class=\"content\" >Netherlands<\/span>\n                <\/div>\n                <div class=\"tt-image\"><\/div>\n                <\/div>\n            <\/div><div class=\"tt-content \">\n              <div class=\"tt-content-inner\">\n                <div class=\"tt-container\" style=\" \">\n                    <h6 style=\" \"\">``Tivemos uma tarde fant\u00e1stica!!! O esqui aqu\u00e1tico foi magn\u00edfico, a Ria \u00e9 t\u00e3o agrad\u00e1vel, e voc\u00eas foram extremamente simp\u00e1ticos connosco! Obrigada tamb\u00e9m por partilharem estas belas fotografias! Muito obrigado, digam ol\u00e1 ao Jos\u00e9 e \u00e0 Christina!!! At\u00e9 breve``<\/h6>\n                    <span class=\"author\" >Lucie, Franne e Stef<\/span>\n                    <span class=\"content\" >Belgium<\/span>\n                <\/div>\n                <div class=\"tt-image\"><\/div>\n                <\/div>\n            <\/div><div class=\"tt-content \">\n              <div class=\"tt-content-inner\">\n                <div class=\"tt-container\" style=\" \">\n                    <h6 style=\" \"\">``Conhecer a Livin Barca foi um acaso mas foi o \u00fanico, porque tudo o resto, desde o know how ao material, passando pela simpatia, \u00e9 preparado para proporcionar \u00e0s fam\u00edlias um dos melhores dias das f\u00e9rias!``<\/h6>\n                    <span class=\"author\" >Rita<\/span>\n                    <span class=\"content\" >Portugal<\/span>\n                <\/div>\n                <div class=\"tt-image\"><\/div>\n                <\/div>\n            <\/div><div class=\"tt-content \">\n              <div class=\"tt-content-inner\">\n                <div class=\"tt-container\" style=\" \">\n                    <h6 style=\" \"\">``Foi uma manh\u00e3 muito bem passada em fam\u00edlia. As crian\u00e7as adoraram as atividades. Regressaremos com certeza! Obrigada Livin Barca, ador\u00e1mos!``<\/h6>\n                    <span class=\"author\" >Sara e Ika<\/span>\n                    <span class=\"content\" >Portugal<\/span>\n                <\/div>\n                <div class=\"tt-image\"><\/div>\n                <\/div>\n            <\/div><\/div><script type=\"text\/javascript\">\n              jQuery(document).ready(function($){\n                if ($(\".slider.testimonials.kd-testimonial-69d2729220ea0\").length) {\n                  $(\".slider.testimonials.kd-testimonial-69d2729220ea0\").owlCarousel({\n                    stageClass: \"owl-wrapper\",\n                    stageOuterClass: \"owl-wrapper-outer\",\n                    loadedClass: \"owl-carousel\",\n                    responsive:{\n                        0:{\n                            dots: false,\n                            nav: true,\n                            navSpeed: 500,\n                        },\n                        960:{nav: true,\n                              navSpeed: 500,\n                              dots: false,}\n                    },\n                    items: 1,\n                    rewind: true,\n                    loop: true,autoplay: false,autoplayHoverPause: false,\n                  });\n                }\n              });\n            <\/script>[\/vc_column_inner][\/vc_row_inner][\/vc_column][\/vc_row][vc_row][vc_column][vc_empty_space height=&#8221;100px&#8221;][vc_column_text]<\/p>\n<p class=\"p1\" style=\"text-align: center;\"><span class=\"s1\">@livinbarca<\/span><\/p>\n<p>[\/vc_column_text]<header class=\"kd-section-title col-lg-12 text-center  kd-animated fadeIn  \" data-animation-delay=200><h2 class=\"separator_off\" >Siga-nos<\/h2><\/header>[vc_row_inner gap=&#8221;30&#8243; css=&#8221;.vc_custom_1656369745184{padding-bottom: 60px !important;}&#8221;][vc_column_inner css=&#8221;.vc_custom_1516029043443{padding-right: 0px !important;padding-left: 0px !important;}&#8221;][vc_column_text]<script src=\"https:\/\/static.elfsight.com\/platform\/platform.js\" data-use-service-core defer><\/script><\/p>\n<div class=\"elfsight-app-316b970d-0576-429f-b2b0-13572d57f8a9\"><\/div>\n<p>[\/vc_column_text][\/vc_column_inner][\/vc_row_inner][vc_empty_space height=&#8221;50px&#8221;][\/vc_column][\/vc_row][vc_row full_width=&#8221;stretch_row&#8221; css=&#8221;.vc_custom_1653349967556{background-color: #a2b7d3 !important;}&#8221;][vc_column css=&#8221;.vc_custom_1516095014613{padding-right: 0px !important;padding-left: 0px !important;}&#8221;][vc_row_inner css=&#8221;.vc_custom_1653607680026{padding-top: 60px !important;padding-bottom: 60px !important;}&#8221;][vc_column_inner width=&#8221;1\/4&#8243; offset=&#8221;vc_hidden-md vc_hidden-sm vc_hidden-xs&#8221;][\/vc_column_inner][vc_column_inner offset=&#8221;vc_col-lg-6&#8243;]<header class=\"kd-section-title col-lg-12 text-center  kd-animated fadeIn  \" data-animation-delay=200><h2 class=\"separator_off\" style=\"color: #ffffff;\">Subscreva a nossa newsletter<\/h2><\/header><div class=\"kd-contact-form inline-cf white-input-bg\" >\n<div class=\"wpcf7 no-js\" id=\"wpcf7-f4151-o1\" lang=\"en-US\" dir=\"ltr\" data-wpcf7-id=\"4151\">\n<div class=\"screen-reader-response\"><p role=\"status\" aria-live=\"polite\" aria-atomic=\"true\"><\/p> <ul><\/ul><\/div>\n<form action=\"\/en\/wp-json\/wp\/v2\/pages\/8861#wpcf7-f4151-o1\" method=\"post\" class=\"wpcf7-form init\" aria-label=\"Contact form\" novalidate=\"novalidate\" data-status=\"init\">\n<div style=\"display: none;\">\n<input type=\"hidden\" name=\"_wpcf7\" value=\"4151\" \/>\n<input type=\"hidden\" name=\"_wpcf7_version\" value=\"6.0.6\" \/>\n<input type=\"hidden\" name=\"_wpcf7_locale\" value=\"en_US\" \/>\n<input type=\"hidden\" name=\"_wpcf7_unit_tag\" value=\"wpcf7-f4151-o1\" \/>\n<input type=\"hidden\" name=\"_wpcf7_container_post\" value=\"0\" \/>\n<input type=\"hidden\" name=\"_wpcf7_posted_data_hash\" value=\"\" \/>\n<input type=\"hidden\" name=\"_wpcf7_recaptcha_response\" value=\"\" \/>\n<\/div>\n<p><span class=\"wpcf7-form-control-wrap\" data-name=\"email-subscribe\"><input size=\"40\" maxlength=\"400\" class=\"wpcf7-form-control wpcf7-email wpcf7-validates-as-required wpcf7-text wpcf7-validates-as-email\" aria-required=\"true\" aria-invalid=\"false\" placeholder=\"Insira o seu endere\u00e7o de email\" value=\"\" type=\"email\" name=\"email-subscribe\" \/><\/span><br \/>\n<input class=\"wpcf7-form-control wpcf7-submit has-spinner\" type=\"submit\" value=\"Subscrever\" \/><br \/>\n<span class=\"wpcf7-form-control-wrap\" data-name=\"acceptance-109\"><span class=\"wpcf7-form-control wpcf7-acceptance\"><span class=\"wpcf7-list-item\"><label><input type=\"checkbox\" name=\"acceptance-109\" value=\"1\" aria-invalid=\"false\" \/><span class=\"wpcf7-list-item-label\">Li e aceito a&nbsp;<a href=\"..\/politica-de-privacidade\/\">Pol\u00edtica de Privacidade<\/a>&nbsp;e os&nbsp;<a href=\"https:\/\/livinbarca.com\/termos-de-utilizacao\/\/\">Termos de Utiliza\u00e7\u00e3o<\/a>&nbsp;para o tratamento dos dados pessoais por Livin Barca.<\/span><\/label><\/span><\/span><\/span>\n<\/p><input type='hidden' class='wpcf7-pum' value='{\"closepopup\":false,\"closedelay\":0,\"openpopup\":false,\"openpopup_id\":0}' \/><div class=\"inv-recaptcha-holder\"><\/div><div class=\"wpcf7-response-output\" aria-hidden=\"true\"><\/div>\n<\/form>\n<\/div>\n<\/div>[\/vc_column_inner][vc_column_inner width=&#8221;1\/4&#8243; offset=&#8221;vc_hidden-md vc_hidden-sm vc_hidden-xs&#8221;][\/vc_column_inner][\/vc_row_inner][\/vc_column][\/vc_row][vc_row][vc_column][vc_single_image image=&#8221;7440&#8243; img_size=&#8221;full&#8221; el_id=&#8221;star&#8221;][\/vc_column][\/vc_row]<\/p>\n","protected":false},"excerpt":{"rendered":"<p>[vc_row full_width=&#8221;stretch_row_content_no_spaces&#8221; el_class=&#8221;maximum-background&#8221;][vc_column css=&#8221;.vc_custom_1513003956648{padding-top: 0px !important;}&#8221;][vc_single_image image=&#8221;8036&#8243; img_size=&#8221;full&#8221;][\/vc_column][\/vc_row][vc_row full_width=&#8221;stretch_row&#8221; css=&#8221;.vc_custom_1553595194741{padding-top: 85px !important;padding-bottom: 20px !important;}&#8221;][vc_column][vc_row_inner css=&#8221;.vc_custom_1553591958081{margin-bottom: 40px !important;}&#8221;][vc_column_inner][vc_empty_space height=&#8221;25px&#8221;][vc_single_image image=&#8221;7525&#8243; img_size=&#8221;Full&#8221; [&hellip;]<\/p>\n","protected":false},"author":2,"featured_media":0,"parent":8364,"menu_order":0,"comment_status":"closed","ping_status":"closed","template":"","meta":{"_monsterinsights_skip_tracking":false,"_monsterinsights_sitenote_active":false,"_monsterinsights_sitenote_note":"","_monsterinsights_sitenote_category":0,"footnotes":""},"class_list":["post-8861","page","type-page","status-publish","hentry"],"aioseo_notices":[],"_links":{"self":[{"href":"https:\/\/livinbarca.com\/en\/wp-json\/wp\/v2\/pages\/8861","targetHints":{"allow":["GET"]}}],"collection":[{"href":"https:\/\/livinbarca.com\/en\/wp-json\/wp\/v2\/pages"}],"about":[{"href":"https:\/\/livinbarca.com\/en\/wp-json\/wp\/v2\/types\/page"}],"author":[{"embeddable":true,"href":"https:\/\/livinbarca.com\/en\/wp-json\/wp\/v2\/users\/2"}],"replies":[{"embeddable":true,"href":"https:\/\/livinbarca.com\/en\/wp-json\/wp\/v2\/comments?post=8861"}],"version-history":[{"count":4,"href":"https:\/\/livinbarca.com\/en\/wp-json\/wp\/v2\/pages\/8861\/revisions"}],"predecessor-version":[{"id":9104,"href":"https:\/\/livinbarca.com\/en\/wp-json\/wp\/v2\/pages\/8861\/revisions\/9104"}],"up":[{"embeddable":true,"href":"https:\/\/livinbarca.com\/en\/wp-json\/wp\/v2\/pages\/8364"}],"wp:attachment":[{"href":"https:\/\/livinbarca.com\/en\/wp-json\/wp\/v2\/media?parent=8861"}],"curies":[{"name":"wp","href":"https:\/\/api.w.org\/{rel}","templated":true}]}}